{"id":247,"date":"2020-10-22T12:52:00","date_gmt":"2020-10-22T12:52:00","guid":{"rendered":"https:\/\/demo.divi-pixel.com\/garage\/?page_id=247"},"modified":"2024-10-25T11:52:59","modified_gmt":"2024-10-25T11:52:59","slug":"sobre-taxi-roda","status":"publish","type":"page","link":"https:\/\/taxiroda.com\/ca\/sobre-taxi-roda\/","title":{"rendered":"Sobre Taxi Roda"},"content":{"rendered":"<p>[et_pb_section fb_built=\u00bb1&#8243; _builder_version=\u00bb4.27.0&#8243; _module_preset=\u00bbdefault\u00bb use_background_color_gradient=\u00bbon\u00bb background_color_gradient_stops=\u00bb#161616 0%|rgba(243,146,0,0.17) 100%\u00bb background_color_gradient_overlays_image=\u00bbon\u00bb background_image=\u00bbhttps:\/\/taxiroda.com\/wp-content\/uploads\/2024\/10\/carousel-04.jpg\u00bb background_position=\u00bbtop_center\u00bb background_vertical_offset=\u00bb85%\u00bb height=\u00bb55vh\u00bb custom_margin=\u00bb||||false|false\u00bb custom_padding=\u00bb||||false|false\u00bb custom_css_main_element=\u00bbdisplay: flex;||\u00bb global_colors_info=\u00bb{}\u00bb][et_pb_row _builder_version=\u00bb4.27.0&#8243; _module_preset=\u00bbdefault\u00bb width=\u00bb95%\u00bb max_width=\u00bb1920px\u00bb custom_margin=\u00bb109px|auto||auto|false|false\u00bb custom_padding=\u00bb0px||0px||true|false\u00bb global_colors_info=\u00bb{}\u00bb][et_pb_column type=\u00bb4_4&#8243; _builder_version=\u00bb4.27.0&#8243; _module_preset=\u00bbdefault\u00bb global_colors_info=\u00bb{}\u00bb][et_pb_text _builder_version=\u00bb4.27.0&#8243; _module_preset=\u00bbdefault\u00bb text_font=\u00bb&#8211;et_global_heading_font|700||on|||||\u00bb text_text_color=\u00bb#FFFFFF\u00bb text_font_size=\u00bb14px\u00bb text_letter_spacing=\u00bb5px\u00bb header_font=\u00bb&#8211;et_global_heading_font|500||on|||||\u00bb header_text_align=\u00bbcenter\u00bb header_text_color=\u00bb#FFFFFF\u00bb header_font_size=\u00bb14px\u00bb header_letter_spacing=\u00bb4px\u00bb header_2_font=\u00bb&#8211;et_global_heading_font|500||on|||||\u00bb header_2_text_align=\u00bbright\u00bb header_2_text_color=\u00bb#F39200&#8243; header_2_font_size=\u00bb18px\u00bb header_2_letter_spacing=\u00bb4px\u00bb custom_margin=\u00bb||20px||false|false\u00bb custom_margin_tablet=\u00bb||20px||false|false\u00bb custom_margin_phone=\u00bb||10px||false|false\u00bb custom_margin_last_edited=\u00bbon|phone\u00bb animation_style=\u00bbfade\u00bb animation_delay=\u00bb300ms\u00bb header_font_size_tablet=\u00bb14px\u00bb header_font_size_phone=\u00bb10px\u00bb header_font_size_last_edited=\u00bbon|phone\u00bb global_colors_info=\u00bb{}\u00bb]<\/p>\n<h1>SOBRE NOSOTROS<\/h1>\n<p>[\/et_pb_text][et_pb_text _builder_version=\u00bb4.27.0&#8243; _module_preset=\u00bbdefault\u00bb text_font=\u00bb&#8211;et_global_heading_font|700|||||||\u00bb text_text_color=\u00bb#F39200&#8243; text_font_size=\u00bb60px\u00bb text_line_height=\u00bb1em\u00bb text_orientation=\u00bbcenter\u00bb custom_margin=\u00bb0px||20px||false|false\u00bb custom_padding=\u00bb0px||0px||false|false\u00bb animation_style=\u00bbslide\u00bb animation_direction=\u00bbbottom\u00bb animation_duration=\u00bb1200ms\u00bb animation_delay=\u00bb100ms\u00bb animation_intensity_slide=\u00bb5%\u00bb text_font_size_tablet=\u00bb60px\u00bb text_font_size_phone=\u00bb40px\u00bb text_font_size_last_edited=\u00bbon|phone\u00bb header_font_size_tablet=\u00bb\u00bb header_font_size_phone=\u00bb30px\u00bb header_font_size_last_edited=\u00bbon|phone\u00bb global_colors_info=\u00bb{}\u00bb]<\/p>\n<p>Con\u00f3cenos<\/p>\n<p>[\/et_pb_text][et_pb_text _builder_version=\u00bb4.27.0&#8243; _module_preset=\u00bbdefault\u00bb text_font=\u00bb&#8211;et_global_body_font|500|||||||\u00bb text_text_color=\u00bb#FFFFFF\u00bb text_line_height=\u00bb1.4em\u00bb text_orientation=\u00bbcenter\u00bb module_alignment=\u00bbcenter\u00bb hover_enabled=\u00bb0&#8243; text_font_size_tablet=\u00bb\u00bb text_font_size_phone=\u00bb16px\u00bb text_font_size_last_edited=\u00bbon|phone\u00bb custom_css_main_element=\u00bbfo\u00bb global_colors_info=\u00bb{}\u00bb animation_style=\u00bbfade\u00bb animation_delay=\u00bb250ms\u00bb animation_duration=\u00bb1200ms\u00bb sticky_enabled=\u00bb0&#8243;]<\/p>\n<p>Contamos con m\u00e1s de 30 a\u00f1os de experiencia<\/p>\n<p>[\/et_pb_text][\/et_pb_column][\/et_pb_row][\/et_pb_section][et_pb_section fb_built=\u00bb1&#8243; _builder_version=\u00bb4.27.0&#8243; _module_preset=\u00bbdefault\u00bb background_enable_color=\u00bboff\u00bb custom_margin=\u00bb0px||||false|false\u00bb custom_padding=\u00bb0px||15px||false|false\u00bb global_colors_info=\u00bb{}\u00bb][et_pb_row column_structure=\u00bb1_2,1_2&#8243; use_custom_gutter=\u00bbon\u00bb gutter_width=\u00bb1&#8243; make_equal=\u00bbon\u00bb _builder_version=\u00bb4.27.0&#8243; _module_preset=\u00bbdefault\u00bb background_color=\u00bb#F2F3F3&#8243; width=\u00bb100%\u00bb max_width=\u00bb1920px\u00bb custom_padding=\u00bb0px||0px||false|false\u00bb global_colors_info=\u00bb{}\u00bb][et_pb_column type=\u00bb1_2&#8243; _builder_version=\u00bb4.27.0&#8243; _module_preset=\u00bbdefault\u00bb custom_padding=\u00bb90px|2.5%|90px|2.5%|true|true\u00bb custom_padding_tablet=\u00bb90px|2.5%|90px|2.5%|true|true\u00bb custom_padding_phone=\u00bb40px|5%|40px|5%|true|true\u00bb custom_padding_last_edited=\u00bbon|phone\u00bb global_colors_info=\u00bb{}\u00bb][et_pb_text _builder_version=\u00bb4.27.0&#8243; _module_preset=\u00bbdefault\u00bb text_font=\u00bb&#8211;et_global_heading_font|300|||||||\u00bb text_text_color=\u00bb#FFFFFF\u00bb text_font_size=\u00bb16px\u00bb text_line_height=\u00bb1.2em\u00bb header_2_font=\u00bb&#8211;et_global_heading_font|700|||||||\u00bb header_2_text_color=\u00bb#161616&#8243; header_2_font_size=\u00bb34px\u00bb background_enable_color=\u00bboff\u00bb module_alignment=\u00bbcenter\u00bb custom_margin=\u00bb||10px||false|false\u00bb header_2_text_align_tablet=\u00bb\u00bb header_2_text_align_phone=\u00bbcenter\u00bb header_2_text_align_last_edited=\u00bbon|phone\u00bb global_colors_info=\u00bb{}\u00bb]<\/p>\n<h2>Nuestra historia<\/h2>\n<p>[\/et_pb_text][et_pb_text _builder_version=\u00bb4.27.0&#8243; _module_preset=\u00bbdefault\u00bb text_font=\u00bb&#8211;et_global_heading_font|300|||||||\u00bb text_text_color=\u00bb#161616&#8243; text_font_size=\u00bb16px\u00bb text_line_height=\u00bb1.8em\u00bb header_2_font=\u00bb&#8211;et_global_heading_font|900||on|||||\u00bb header_2_text_color=\u00bb#F39200&#8243; header_2_font_size=\u00bb30px\u00bb background_enable_color=\u00bboff\u00bb module_alignment=\u00bbcenter\u00bb custom_margin=\u00bb||10px||false|false\u00bb text_font_size_tablet=\u00bb15px\u00bb text_font_size_phone=\u00bb14px\u00bb text_font_size_last_edited=\u00bbon|phone\u00bb global_colors_info=\u00bb{}\u00bb]<\/p>\n<p>Fundada en 1986, Taxi Roda ha sido un referente en el transporte de viajeros por carretera en la provincia de Tarragona durante m\u00e1s de 30 a\u00f1os. Desde nuestra base en Roda de Bar\u00e0, hemos servido a miles de clientes, ofreciendo traslados seguros y eficientes tanto a nivel local como hacia destinos clave, como los aeropuertos de Barcelona, Girona y Reus, y los puertos de Barcelona, Tarragona y Valencia.<\/p>\n<p>Nuestra ubicaci\u00f3n privilegiada en Roda de Bar\u00e0, uno de los destinos tur\u00edsticos m\u00e1s atractivos de la Costa Dorada, nos permite atender tanto a residentes como a turistas que buscan comodidad y confianza en sus traslados. En Taxi Roda, nos mueve la pasi\u00f3n por el servicio y el compromiso con nuestros clientes. A lo largo de m\u00e1s de tres d\u00e9cadas, hemos evolucionado y modernizado nuestra flota, adapt\u00e1ndonos a las nuevas necesidades del transporte, pero siempre manteniendo nuestros valores fundamentales: seguridad, confianza y atenci\u00f3n personalizada.<\/p>\n<p>Somos m\u00e1s que una empresa de taxis; somos un equipo dedicado a hacer que cada trayecto cuente. Nos esforzamos por ofrecer un servicio eficiente y orientado a las necesidades de cada persona, ya sea un cliente local o un turista internacional. Nuestra misi\u00f3n sigue siendo la misma: garantizar que cada viaje sea c\u00f3modo, seguro y puntual, asegurando que cada experiencia con Taxi Roda sea placentera y confiable.<\/p>\n<p>[\/et_pb_text][\/et_pb_column][et_pb_column type=\u00bb1_2&#8243; _builder_version=\u00bb4.27.0&#8243; _module_preset=\u00bbdefault\u00bb background_image=\u00bbhttps:\/\/taxiroda.com\/wp-content\/uploads\/2024\/10\/carousel-07.jpg\u00bb custom_padding=\u00bb0px||0px||true|false\u00bb custom_padding_tablet=\u00bb0px||0px||true|false\u00bb custom_padding_phone=\u00bb90px||90px||true|false\u00bb custom_padding_last_edited=\u00bbon|phone\u00bb global_colors_info=\u00bb{}\u00bb][\/et_pb_column][\/et_pb_row][\/et_pb_section][et_pb_section fb_built=\u00bb1&#8243; custom_padding_last_edited=\u00bbon|phone\u00bb _builder_version=\u00bb4.27.0&#8243; _module_preset=\u00bbdefault\u00bb background_enable_image=\u00bboff\u00bb background_size=\u00bbcontain\u00bb background_position=\u00bbcenter_right\u00bb background_blend=\u00bbdifference\u00bb custom_padding=\u00bb100px||100px||true|false\u00bb custom_padding_tablet=\u00bb100px||100px||true|false\u00bb custom_padding_phone=\u00bb50px||50px||true|false\u00bb locked=\u00bboff\u00bb global_colors_info=\u00bb{}\u00bb][et_pb_row _builder_version=\u00bb4.27.0&#8243; _module_preset=\u00bbdefault\u00bb custom_padding=\u00bb0px||40px||false|false\u00bb animation_style=\u00bbslide\u00bb animation_direction=\u00bbbottom\u00bb animation_duration=\u00bb1200ms\u00bb animation_delay=\u00bb120ms\u00bb animation_intensity_slide=\u00bb5%\u00bb global_colors_info=\u00bb{}\u00bb][et_pb_column type=\u00bb4_4&#8243; _builder_version=\u00bb4.27.0&#8243; _module_preset=\u00bbdefault\u00bb global_colors_info=\u00bb{}\u00bb][et_pb_cta title=\u00bbTaxi Roda\u00bb _builder_version=\u00bb4.27.0&#8243; _module_preset=\u00bbdefault\u00bb header_font=\u00bb|||on|||||\u00bb header_text_align=\u00bbcenter\u00bb header_text_color=\u00bb#F39200&#8243; header_font_size=\u00bb18px\u00bb header_letter_spacing=\u00bb2px\u00bb body_font=\u00bb|800|||||||\u00bb body_text_align=\u00bbcenter\u00bb body_text_color=\u00bb#1D1D1B\u00bb body_font_size=\u00bb60px\u00bb body_line_height=\u00bb1em\u00bb background_color=\u00bbrgba(0,0,0,0)\u00bb custom_margin=\u00bb0px|0px|0px|0px|true|true\u00bb custom_padding=\u00bb0px|0px|0px|0px|true|true\u00bb header_font_size_tablet=\u00bb18px\u00bb header_font_size_phone=\u00bb14px\u00bb header_font_size_last_edited=\u00bbon|phone\u00bb body_font_size_tablet=\u00bb\u00bb body_font_size_phone=\u00bb30px\u00bb body_font_size_last_edited=\u00bbon|phone\u00bb global_colors_info=\u00bb{}\u00bb]<\/p>\n<p>\u00bfPorqu\u00e9 elegirnos?<\/p>\n<p>[\/et_pb_cta][\/et_pb_column][\/et_pb_row][et_pb_row column_structure=\u00bb1_4,1_4,1_4,1_4&#8243; use_custom_gutter=\u00bbon\u00bb gutter_width=\u00bb1&#8243; _builder_version=\u00bb4.27.0&#8243; _module_preset=\u00bbdefault\u00bb width=\u00bb79%\u00bb module_alignment=\u00bbcenter\u00bb custom_padding=\u00bb0px||0px||true|false\u00bb global_colors_info=\u00bb{}\u00bb][et_pb_column type=\u00bb1_4&#8243; _builder_version=\u00bb4.16&#8243; _module_preset=\u00bbdefault\u00bb global_colors_info=\u00bb{}\u00bb][et_pb_blurb title=\u00bbRecogida  sin esperas\u00bb image_icon_background_color=\u00bbRGBA(255,255,255,0)\u00bb image=\u00bbhttps:\/\/taxiroda.com\/wp-content\/uploads\/2024\/10\/Taxi-Roda-15.webp\u00bb image_icon_width=\u00bb100px\u00bb image_icon_width_tablet=\u00bb100px\u00bb image_icon_width_phone=\u00bb60px\u00bb image_icon_width_last_edited=\u00bbon|phone\u00bb _builder_version=\u00bb4.27.0&#8243; _module_preset=\u00bbdefault\u00bb header_font=\u00bb&#8211;et_global_body_font|300|||||||\u00bb header_text_color=\u00bb#1D1D1B\u00bb header_font_size=\u00bb20px\u00bb body_font_size=\u00bb16px\u00bb background_enable_color=\u00bboff\u00bb image_icon_custom_margin=\u00bb0px|0px|0px|0px|false|true\u00bb image_icon_custom_padding=\u00bb0px|0px|0px|0px|false|false\u00bb text_orientation=\u00bbcenter\u00bb custom_padding=\u00bb20px|20px|20px|20px|true|true\u00bb animation_style=\u00bbfade\u00bb animation_duration=\u00bb1400ms\u00bb animation_delay=\u00bb100ms\u00bb header_font_size_tablet=\u00bb20px\u00bb header_font_size_phone=\u00bb18px\u00bb header_font_size_last_edited=\u00bbon|phone\u00bb border_radii=\u00bbon|10px|10px|10px|10px\u00bb border_radii_image=\u00bbon|100%|100%|100%|100%\u00bb icon_font_size=\u00bb30px\u00bb use_circle=\u00bbon\u00bb global_colors_info=\u00bb{}\u00bb image_icon_background_color__sticky_enabled=\u00bb#bf2d0d\u00bb image_icon_background_color__sticky=\u00bb#bf2d0d\u00bb][\/et_pb_blurb][\/et_pb_column][et_pb_column type=\u00bb1_4&#8243; _builder_version=\u00bb4.16&#8243; _module_preset=\u00bbdefault\u00bb global_colors_info=\u00bb{}\u00bb][et_pb_blurb title=\u00bbViajes familiares  sin preocupaciones\u00bb image_icon_background_color=\u00bbRGBA(255,255,255,0)\u00bb image=\u00bbhttps:\/\/taxiroda.com\/wp-content\/uploads\/2024\/10\/Taxi-Roda-16.webp\u00bb image_icon_width=\u00bb100px\u00bb image_icon_width_tablet=\u00bb100px\u00bb image_icon_width_phone=\u00bb60px\u00bb image_icon_width_last_edited=\u00bbon|phone\u00bb _builder_version=\u00bb4.27.0&#8243; _module_preset=\u00bbdefault\u00bb header_font=\u00bb&#8211;et_global_body_font|300|||||||\u00bb header_text_color=\u00bb#1D1D1B\u00bb header_font_size=\u00bb20px\u00bb body_font_size=\u00bb16px\u00bb background_enable_color=\u00bboff\u00bb image_icon_custom_margin=\u00bb0px|0px|0px|0px|false|true\u00bb image_icon_custom_padding=\u00bb0px|0px|0px|0px|false|false\u00bb text_orientation=\u00bbcenter\u00bb custom_padding=\u00bb20px|20px|20px|20px|true|true\u00bb animation_style=\u00bbfade\u00bb animation_duration=\u00bb1400ms\u00bb animation_delay=\u00bb200ms\u00bb header_font_size_tablet=\u00bb20px\u00bb header_font_size_phone=\u00bb18px\u00bb header_font_size_last_edited=\u00bbon|phone\u00bb border_radii=\u00bbon|10px|10px|10px|10px\u00bb border_radii_image=\u00bbon|100%|100%|100%|100%\u00bb icon_font_size=\u00bb30px\u00bb use_circle=\u00bbon\u00bb global_colors_info=\u00bb{}\u00bb image_icon_background_color__sticky_enabled=\u00bb#bf2d0d\u00bb image_icon_background_color__sticky=\u00bb#bf2d0d\u00bb][\/et_pb_blurb][\/et_pb_column][et_pb_column type=\u00bb1_4&#8243; _builder_version=\u00bb4.16&#8243; _module_preset=\u00bbdefault\u00bb global_colors_info=\u00bb{}\u00bb][et_pb_blurb title=\u00bbFlota de \u00faltima generaci\u00f3n\u00bb image_icon_background_color=\u00bbRGBA(255,255,255,0)\u00bb image=\u00bbhttps:\/\/taxiroda.com\/wp-content\/uploads\/2024\/10\/Taxi-Roda-17.webp\u00bb image_icon_width=\u00bb100px\u00bb image_icon_width_tablet=\u00bb100px\u00bb image_icon_width_phone=\u00bb60px\u00bb image_icon_width_last_edited=\u00bbon|phone\u00bb _builder_version=\u00bb4.27.0&#8243; _module_preset=\u00bbdefault\u00bb header_font=\u00bb&#8211;et_global_body_font|300|||||||\u00bb header_text_color=\u00bb#1D1D1B\u00bb header_font_size=\u00bb20px\u00bb body_font_size=\u00bb16px\u00bb background_enable_color=\u00bboff\u00bb image_icon_custom_margin=\u00bb0px|0px|0px|0px|false|true\u00bb image_icon_custom_padding=\u00bb0px|0px|0px|0px|false|false\u00bb text_orientation=\u00bbcenter\u00bb custom_padding=\u00bb20px|20px|20px|20px|true|true\u00bb animation_style=\u00bbfade\u00bb animation_duration=\u00bb1400ms\u00bb animation_delay=\u00bb300ms\u00bb header_font_size_tablet=\u00bb20px\u00bb header_font_size_phone=\u00bb18px\u00bb header_font_size_last_edited=\u00bbon|phone\u00bb border_radii=\u00bbon|10px|10px|10px|10px\u00bb border_radii_image=\u00bbon|100%|100%|100%|100%\u00bb icon_font_size=\u00bb30px\u00bb use_circle=\u00bbon\u00bb global_colors_info=\u00bb{}\u00bb image_icon_background_color__sticky_enabled=\u00bb#bf2d0d\u00bb image_icon_background_color__sticky=\u00bb#bf2d0d\u00bb][\/et_pb_blurb][\/et_pb_column][et_pb_column type=\u00bb1_4&#8243; _builder_version=\u00bb4.16&#8243; _module_preset=\u00bbdefault\u00bb global_colors_info=\u00bb{}\u00bb][et_pb_blurb title=\u00bbAtenci\u00f3n a turistas internacionales\u00bb image_icon_background_color=\u00bbRGBA(255,255,255,0)\u00bb image=\u00bbhttps:\/\/taxiroda.com\/wp-content\/uploads\/2024\/10\/Taxi-Roda-18.webp\u00bb image_icon_width=\u00bb100px\u00bb image_icon_width_tablet=\u00bb100px\u00bb image_icon_width_phone=\u00bb60px\u00bb image_icon_width_last_edited=\u00bbon|phone\u00bb _builder_version=\u00bb4.27.0&#8243; _module_preset=\u00bbdefault\u00bb header_font=\u00bb&#8211;et_global_body_font|300|||||||\u00bb header_text_color=\u00bb#1D1D1B\u00bb header_font_size=\u00bb20px\u00bb body_font_size=\u00bb16px\u00bb background_enable_color=\u00bboff\u00bb image_icon_custom_margin=\u00bb0px|0px|0px|0px|false|true\u00bb image_icon_custom_padding=\u00bb0px|0px|0px|0px|false|false\u00bb text_orientation=\u00bbcenter\u00bb custom_padding=\u00bb20px|20px|20px|20px|true|true\u00bb animation_style=\u00bbfade\u00bb animation_duration=\u00bb1400ms\u00bb animation_delay=\u00bb400ms\u00bb header_font_size_tablet=\u00bb20px\u00bb header_font_size_phone=\u00bb18px\u00bb header_font_size_last_edited=\u00bbon|phone\u00bb border_radii=\u00bbon|10px|10px|10px|10px\u00bb border_radii_image=\u00bbon|100%|100%|100%|100%\u00bb icon_font_size=\u00bb30px\u00bb use_circle=\u00bbon\u00bb global_colors_info=\u00bb{}\u00bb image_icon_background_color__sticky_enabled=\u00bb#bf2d0d\u00bb image_icon_background_color__sticky=\u00bb#bf2d0d\u00bb][\/et_pb_blurb][\/et_pb_column][\/et_pb_row][\/et_pb_section][et_pb_section fb_built=\u00bb1&#8243; _builder_version=\u00bb4.27.0&#8243; _module_preset=\u00bbdefault\u00bb custom_padding=\u00bb0px||0px||true|false\u00bb global_colors_info=\u00bb{}\u00bb locked=\u00bboff\u00bb][et_pb_row _builder_version=\u00bb4.27.0&#8243; _module_preset=\u00bbdefault\u00bb width=\u00bb100%\u00bb max_width=\u00bb100%\u00bb custom_padding=\u00bb0px||0px||true|false\u00bb global_colors_info=\u00bb{}\u00bb][et_pb_column type=\u00bb4_4&#8243; _builder_version=\u00bb4.27.0&#8243; _module_preset=\u00bbdefault\u00bb global_colors_info=\u00bb{}\u00bb][et_pb_code _builder_version=\u00bb4.27.0&#8243; _module_preset=\u00bbdefault\u00bb text_orientation=\u00bbcenter\u00bb hover_enabled=\u00bb0&#8243; global_colors_info=\u00bb{}\u00bb custom_margin=\u00bb0px||0px||true|false\u00bb custom_padding=\u00bb0px||0px||true|false\u00bb sticky_enabled=\u00bb0&#8243;]<!-- [et_pb_line_break_holder] -->[\/et_pb_code][et_pb_code _builder_version=\u00bb4.27.0&#8243; _module_preset=\u00bbdefault\u00bb text_orientation=\u00bbcenter\u00bb hover_enabled=\u00bb0&#8243; global_colors_info=\u00bb{}\u00bb custom_margin=\u00bb0px||0px||true|false\u00bb custom_padding=\u00bb0px||0px||true|false\u00bb sticky_enabled=\u00bb0&#8243;] <video controls height=\"auto\" width=\"100%\" poster=\"https:\/\/taxiroda.com\/wp-content\/uploads\/2024\/10\/Portada-Video.webp\"><!-- [et_pb_line_break_holder] --><source src=\"https:\/\/taxiroda.com\/wp-content\/uploads\/2024\/10\/Video-Taxi-ESPANOL.mp4\" type=\"video\/mp4\"><!-- [et_pb_line_break_holder] --><\/video> <!-- [et_pb_line_break_holder] -->[\/et_pb_code][et_pb_code _builder_version=\u00bb4.27.0&#8243; _module_preset=\u00bbdefault\u00bb text_orientation=\u00bbcenter\u00bb hover_enabled=\u00bb0&#8243; global_colors_info=\u00bb{}\u00bb custom_margin=\u00bb0px||0px||true|false\u00bb custom_padding=\u00bb0px||0px||true|false\u00bb sticky_enabled=\u00bb0&#8243;]<!-- [et_pb_line_break_holder] -->[\/et_pb_code][\/et_pb_column][\/et_pb_row][\/et_pb_section]<\/p>\n","protected":false},"excerpt":{"rendered":"<p>SOBRE NOSOTROSCon\u00f3cenosContamos con m\u00e1s de 30 a\u00f1os de experienciaNuestra historiaFundada en 1986, Taxi Roda ha sido un referente en el transporte de viajeros por carretera en la provincia de Tarragona durante m\u00e1s de 30 a\u00f1os. Desde nuestra base en Roda de Bar\u00e0, hemos servido a miles de clientes, ofreciendo traslados seguros y eficientes tanto a nivel local como hacia destinos clave, como los aeropuertos de Barcelona, Girona y Reus, y los puertos de Barcelona, Tarragona y Valencia. Nuestra ubicaci\u00f3n privilegiada en Roda de Bar\u00e0, uno de los destinos tur\u00edsticos m\u00e1s atractivos de la Costa Dorada, nos permite atender tanto a residentes como a turistas que buscan comodidad y confianza en sus traslados. En Taxi Roda, nos mueve la pasi\u00f3n por el servicio y el compromiso con nuestros clientes. A lo largo de m\u00e1s de tres d\u00e9cadas, hemos evolucionado y modernizado nuestra flota, adapt\u00e1ndonos a las nuevas necesidades del transporte, pero siempre manteniendo nuestros valores fundamentales: seguridad, confianza y atenci\u00f3n personalizada. Somos m\u00e1s que una empresa de taxis; somos un equipo dedicado a hacer que cada trayecto cuente. Nos esforzamos por ofrecer un servicio eficiente y orientado a las necesidades de cada persona, ya sea un cliente local o un turista [&hellip;]<\/p>\n","protected":false},"author":1,"featured_media":0,"parent":0,"menu_order":0,"comment_status":"closed","ping_status":"closed","template":"","meta":{"_et_pb_use_builder":"on","_et_pb_old_content":"","_et_gb_content_width":"","footnotes":""},"dipi_cpt_category":[],"class_list":["post-247","page","type-page","status-publish","hentry"],"_links":{"self":[{"href":"https:\/\/taxiroda.com\/ca\/wp-json\/wp\/v2\/pages\/247","targetHints":{"allow":["GET"]}}],"collection":[{"href":"https:\/\/taxiroda.com\/ca\/wp-json\/wp\/v2\/pages"}],"about":[{"href":"https:\/\/taxiroda.com\/ca\/wp-json\/wp\/v2\/types\/page"}],"author":[{"embeddable":true,"href":"https:\/\/taxiroda.com\/ca\/wp-json\/wp\/v2\/users\/1"}],"replies":[{"embeddable":true,"href":"https:\/\/taxiroda.com\/ca\/wp-json\/wp\/v2\/comments?post=247"}],"version-history":[{"count":27,"href":"https:\/\/taxiroda.com\/ca\/wp-json\/wp\/v2\/pages\/247\/revisions"}],"predecessor-version":[{"id":1519,"href":"https:\/\/taxiroda.com\/ca\/wp-json\/wp\/v2\/pages\/247\/revisions\/1519"}],"wp:attachment":[{"href":"https:\/\/taxiroda.com\/ca\/wp-json\/wp\/v2\/media?parent=247"}],"wp:term":[{"taxonomy":"dipi_cpt_category","embeddable":true,"href":"https:\/\/taxiroda.com\/ca\/wp-json\/wp\/v2\/dipi_cpt_category?post=247"}],"curies":[{"name":"wp","href":"https:\/\/api.w.org\/{rel}","templated":true}]}}